{"id":2267,"date":"2018-04-13T13:26:59","date_gmt":"2018-04-13T11:26:59","guid":{"rendered":"http:\/\/www.exclusive-travel.co\/coming-soon\/lou-organise-des-voyages-sur-mesure-dans-le-sud-de-la-france\/"},"modified":"2020-09-22T09:33:27","modified_gmt":"2020-09-22T07:33:27","slug":"exclusive-travel-by-lou-offers-luxury-bespoke-trips-south-of-france","status":"publish","type":"page","link":"https:\/\/www.exclusive-travel.co\/en\/dmc-in-the-south-of-france\/exclusive-travel-by-lou-offers-luxury-bespoke-trips-south-of-france\/","title":{"rendered":"Bespoke"},"content":{"rendered":"<p>Exclusive Travel by Lou est une agence de tourisme r\u00e9ceptive situ\u00e9e \u00e0 Uz\u00e8s, entre Occitanie et Provence. Nous proposons des s\u00e9jours sur-mesure sur toute le Sud de la France.<\/p>\n<p><strong>C&#8217;est quoi exactement un s\u00e9jour sur-mesure ?<\/strong><\/p>\n<p>C&#8217;est un concept\u00a0unique (en France ? en Occitanie? Dans le Gard ?), totalement \u00ab \u00e0 la carte \u00bb o\u00f9 nous \u00e9changeons sur vos envies pour concr\u00e9tiser le projet qui vous correspond.<\/p>\n<p><strong>Quels sont mes avantages de faire appel \u00e0 Exclusive Travel by Lou ?<\/strong><\/p>\n<div style=\"text-align: center;\"><span class=\" author-d-1gg9uz65z1iz85zgdz68zmqkz84zo2qovvz79zz72zz68z8z88z4muz80zz122ztykxbz90zgz89zcz71zxp2z88ztz77zz87zz67zz71zz122z\">~ Avantage num\u00e9ro 1 ~<\/span><\/div>\n<p style=\"text-align: center;\"><strong><em>Un r\u00e9seau de contacts premium pour\u00a0packager l&#8217;offre de vos r\u00eaves<\/em><\/strong><\/p>\n<p>L&#8217;\u00e9quipe d&#8217;Exclusive Travel est compos\u00e9e de professionnels de terrain, elle a s\u00e9lectionn\u00e9 un r\u00e9seau dans les domaines de l&#8217;h\u00e9bergement haut de gamme et de luxe, de tables de renomm\u00e9e et d&#8217;activit\u00e9s d&#8217;exception selon un cahier des charges qualit\u00e9 sp\u00e9cifique. Nous sommes donc en mesure d&#8217;activer ce r\u00e9seau pour donner vie \u00e0 vos envies (surtout les plus folles !).<\/p>\n<div>\n<div style=\"text-align: center;\"><span class=\" author-d-1gg9uz65z1iz85zgdz68zmqkz84zo2qovvz79zz72zz68z8z88z4muz80zz122ztykxbz90zgz89zcz71zxp2z88ztz77zz87zz67zz71zz122z\">~ Avantage num\u00e9ro 2 ~<\/span><\/div>\n<p style=\"text-align: center;\"><strong><em>Un lien de confiance avec nos partenaires touristiques<\/em><\/strong><\/p>\n<p>Nous avons s\u00e9lectionn\u00e9 nos partenaires parce qu&#8217;ils ont une offre atypique ou authentique, une exp\u00e9rience unique. Nous les avons aussi choisis pour leur accueil chaleureux, leur envie de partager leur connaissance de la destination et leur \u00e9thique. Nos guides ou accompagnateurs sont bien s\u00fbr agr\u00e9\u00e9s. Enfin les h\u00e9bergeurs et restaurateurs disposent d&#8217;\u00e9tablissements garantissant confort, qualit\u00e9 et s\u00e9curit\u00e9.<\/p>\n<\/div>\n<div style=\"text-align: center;\"><span class=\" author-d-1gg9uz65z1iz85zgdz68zmqkz84zo2qovvz79zz72zz68z8z88z4muz80zz122ztykxbz90zgz89zcz71zxp2z88ztz77zz87zz67zz71zz122z\">~ Avantage num\u00e9ro 3 ~<\/span><\/div>\n<p style=\"text-align: center;\"><strong><em>Une gestion compl\u00e8te qui vous laisse l&#8217;esprit libre<\/em><\/strong><\/p>\n<p>Seules 2 \u00e9tapes vous incombent : nous faire part de vos souhaits et nous rejoindre. Pour tout le reste, nous assurons la gestion compl\u00e8te ! Vous pouvez continuer \u00e0 boucler vos dossiers ou passer du temps avec vos proches.<\/p>\n<div style=\"text-align: center;\"><span class=\" author-d-1gg9uz65z1iz85zgdz68zmqkz84zo2qovvz79zz72zz68z8z88z4muz80zz122ztykxbz90zgz89zcz71zxp2z88ztz77zz87zz67zz71zz122z\">~ Avantage num\u00e9ro 4 ~<\/span><\/div>\n<p style=\"text-align: center;\"><strong><em>Exclusive Travel by Lou est accr\u00e9dit\u00e9e<\/em><\/strong><\/p>\n<p>Pour exercer le m\u00e9tier de professionnel du tourisme et vendre des voyages \u00e0 forfaits, il est imp\u00e9ratif d\u2019\u00eatre immatricul\u00e9 par l\u2019Etat (on est d&#8217;accord c&#8217;est moins sympa que les 2 premiers avantages mais n\u00e9cessaire en cas de souci. Et l&#8217;important c&#8217;est que vous soyez prot\u00e9g\u00e9 !). Nous avons donc\u00a0une responsabilit\u00e9 civile professionnelle et une garantie financi\u00e8re via l\u2019APST (Association Professionnelle de Solidarit\u00e9 du Tourisme). Cette &#8220;Garantie des Fonds D\u00e9pos\u00e9s&#8221; vous garantit le remboursement int\u00e9gral des sommes vers\u00e9es pour une r\u00e9servation si toutefois le voyage ne pouvait \u00eatre ex\u00e9cut\u00e9, pour des raisons d\u2019ordre technique par exemple.<\/p>\n<div style=\"text-align: center;\"><span class=\" author-d-1gg9uz65z1iz85zgdz68zmqkz84zo2qovvz79zz72zz68z8z88z4muz80zz122ztykxbz90zgz89zcz71zxp2z88ztz77zz87zz67zz71zz122z\">~ Avantage num\u00e9ro 5 ~<\/span><\/div>\n<p style=\"text-align: center;\"><strong><em>Le pr\u00e9-paiement des s\u00e9jours &#8220;Escapades&#8221; est s\u00e9curis\u00e9<\/em><\/strong><\/p>\n<p>Notre banque (nom de ta banque ?) assure la s\u00e9curisation de vos donn\u00e9es bancaires et sans frais suppl\u00e9mentaires pour vous.<\/p>\n<div style=\"text-align: center;\"><span class=\" author-d-1gg9uz65z1iz85zgdz68zmqkz84zo2qovvz79zz72zz68z8z88z4muz80zz122ztykxbz90zgz89zcz71zxp2z88ztz77zz87zz67zz71zz122z\">~ Avantage num\u00e9ro 6 ~<\/span><\/div>\n<p style=\"text-align: center;\"><strong><em>Vous \u00eates prot\u00e9g\u00e9 par la garantie &#8220;agence de voyage&#8221;<\/em><\/strong><\/p>\n<p>La garantie financi\u00e8re de l&#8217;agence (as-tu un num\u00e9ro ? r\u00e9f\u00e9rence ?) vous assure d&#8217;\u00eatre rembours\u00e9 en cas de d\u00e9faillance technique, d&#8217;un prestataire, d&#8217;un partenaire ou de notre agence. L&#8217;int\u00e9gralit\u00e9 de vos frais est rembours\u00e9e que ce soit avant votre voyage ou pendant.<\/p>\n<p>&nbsp;<\/p>\n","protected":false},"excerpt":{"rendered":"<p>Exclusive Travel by Lou est une agence de tourisme r\u00e9ceptive situ\u00e9e \u00e0 Uz\u00e8s, entre Occitanie et Provence. Nous proposons des s\u00e9jours sur-mesure sur toute le Sud de la France. C&#8217;est quoi exactement un s\u00e9jour sur-mesure ? C&#8217;est un concept\u00a0unique (en France ? en Occitanie? Dans le Gard ?), totalement \u00ab \u00e0 la carte \u00bb o\u00f9 [&hellip;]<\/p>\n","protected":false},"author":1,"featured_media":0,"parent":1939,"menu_order":0,"comment_status":"closed","ping_status":"closed","template":"templates\/template_page.php","meta":{"_acf_changed":false,"footnotes":""},"class_list":["post-2267","page","type-page","status-publish","hentry"],"acf":[],"yoast_head":"<!-- This site is optimized with the Yoast SEO plugin v24.7 - https:\/\/yoast.com\/wordpress\/plugins\/seo\/ -->\n<title>Bespoke - Exclusive travel<\/title>\n<meta name=\"description\" content=\"Exclusive Travel by Lou offers luxury bespoke trips to explore the south of France. Exclusive trips for exclusive south of France!\" \/>\n<meta name=\"robots\" content=\"index, follow, max-snippet:-1, max-image-preview:large, max-video-preview:-1\" \/>\n<link rel=\"canonical\" href=\"https:\/\/www.exclusive-travel.co\/accueil-voyage-dans-le-sud-de-la-france\/lou-organise-des-voyages-sur-mesure-dans-le-sud-de-la-france\/\" \/>\n<meta property=\"og:locale\" content=\"en_US\" \/>\n<meta property=\"og:type\" content=\"article\" \/>\n<meta property=\"og:title\" content=\"Bespoke - Exclusive travel\" \/>\n<meta property=\"og:description\" content=\"Exclusive Travel by Lou offers luxury bespoke trips to explore the south of France. Exclusive trips for exclusive south of France!\" \/>\n<meta property=\"og:url\" content=\"https:\/\/www.exclusive-travel.co\/accueil-voyage-dans-le-sud-de-la-france\/lou-organise-des-voyages-sur-mesure-dans-le-sud-de-la-france\/\" \/>\n<meta property=\"og:site_name\" content=\"Exclusive travel\" \/>\n<meta property=\"article:modified_time\" content=\"2020-09-22T07:33:27+00:00\" \/>\n<meta name=\"twitter:card\" content=\"summary_large_image\" \/>\n<meta name=\"twitter:label1\" content=\"Est. reading time\" \/>\n\t<meta name=\"twitter:data1\" content=\"2 minutes\" \/>\n<script type=\"application\/ld+json\" class=\"yoast-schema-graph\">{\"@context\":\"https:\/\/schema.org\",\"@graph\":[{\"@type\":\"WebPage\",\"@id\":\"https:\/\/www.exclusive-travel.co\/accueil-voyage-dans-le-sud-de-la-france\/lou-organise-des-voyages-sur-mesure-dans-le-sud-de-la-france\/\",\"url\":\"https:\/\/www.exclusive-travel.co\/accueil-voyage-dans-le-sud-de-la-france\/lou-organise-des-voyages-sur-mesure-dans-le-sud-de-la-france\/\",\"name\":\"Bespoke - Exclusive travel\",\"isPartOf\":{\"@id\":\"https:\/\/www.exclusive-travel.co\/#website\"},\"datePublished\":\"2018-04-13T11:26:59+00:00\",\"dateModified\":\"2020-09-22T07:33:27+00:00\",\"description\":\"Exclusive Travel by Lou offers luxury bespoke trips to explore the south of France. Exclusive trips for exclusive south of France!\",\"breadcrumb\":{\"@id\":\"https:\/\/www.exclusive-travel.co\/accueil-voyage-dans-le-sud-de-la-france\/lou-organise-des-voyages-sur-mesure-dans-le-sud-de-la-france\/#breadcrumb\"},\"inLanguage\":\"en-US\",\"potentialAction\":[{\"@type\":\"ReadAction\",\"target\":[\"https:\/\/www.exclusive-travel.co\/accueil-voyage-dans-le-sud-de-la-france\/lou-organise-des-voyages-sur-mesure-dans-le-sud-de-la-france\/\"]}]},{\"@type\":\"BreadcrumbList\",\"@id\":\"https:\/\/www.exclusive-travel.co\/accueil-voyage-dans-le-sud-de-la-france\/lou-organise-des-voyages-sur-mesure-dans-le-sud-de-la-france\/#breadcrumb\",\"itemListElement\":[{\"@type\":\"ListItem\",\"position\":1,\"name\":\"Accueil\",\"item\":\"https:\/\/www.exclusive-travel.co\/en\/\"},{\"@type\":\"ListItem\",\"position\":2,\"name\":\"DMC in the south of France- Accueil\",\"item\":\"https:\/\/www.exclusive-travel.co\/en\/\"},{\"@type\":\"ListItem\",\"position\":3,\"name\":\"Bespoke\"}]},{\"@type\":\"WebSite\",\"@id\":\"https:\/\/www.exclusive-travel.co\/#website\",\"url\":\"https:\/\/www.exclusive-travel.co\/\",\"name\":\"Exclusive travel\",\"description\":\"Voyage sur mesure dans le sud de la France\",\"potentialAction\":[{\"@type\":\"SearchAction\",\"target\":{\"@type\":\"EntryPoint\",\"urlTemplate\":\"https:\/\/www.exclusive-travel.co\/?s={search_term_string}\"},\"query-input\":{\"@type\":\"PropertyValueSpecification\",\"valueRequired\":true,\"valueName\":\"search_term_string\"}}],\"inLanguage\":\"en-US\"}]}<\/script>\n<!-- \/ Yoast SEO plugin. -->","yoast_head_json":{"title":"Bespoke - Exclusive travel","description":"Exclusive Travel by Lou offers luxury bespoke trips to explore the south of France. Exclusive trips for exclusive south of France!","robots":{"index":"index","follow":"follow","max-snippet":"max-snippet:-1","max-image-preview":"max-image-preview:large","max-video-preview":"max-video-preview:-1"},"canonical":"https:\/\/www.exclusive-travel.co\/accueil-voyage-dans-le-sud-de-la-france\/lou-organise-des-voyages-sur-mesure-dans-le-sud-de-la-france\/","og_locale":"en_US","og_type":"article","og_title":"Bespoke - Exclusive travel","og_description":"Exclusive Travel by Lou offers luxury bespoke trips to explore the south of France. Exclusive trips for exclusive south of France!","og_url":"https:\/\/www.exclusive-travel.co\/accueil-voyage-dans-le-sud-de-la-france\/lou-organise-des-voyages-sur-mesure-dans-le-sud-de-la-france\/","og_site_name":"Exclusive travel","article_modified_time":"2020-09-22T07:33:27+00:00","twitter_card":"summary_large_image","twitter_misc":{"Est. reading time":"2 minutes"},"schema":{"@context":"https:\/\/schema.org","@graph":[{"@type":"WebPage","@id":"https:\/\/www.exclusive-travel.co\/accueil-voyage-dans-le-sud-de-la-france\/lou-organise-des-voyages-sur-mesure-dans-le-sud-de-la-france\/","url":"https:\/\/www.exclusive-travel.co\/accueil-voyage-dans-le-sud-de-la-france\/lou-organise-des-voyages-sur-mesure-dans-le-sud-de-la-france\/","name":"Bespoke - Exclusive travel","isPartOf":{"@id":"https:\/\/www.exclusive-travel.co\/#website"},"datePublished":"2018-04-13T11:26:59+00:00","dateModified":"2020-09-22T07:33:27+00:00","description":"Exclusive Travel by Lou offers luxury bespoke trips to explore the south of France. Exclusive trips for exclusive south of France!","breadcrumb":{"@id":"https:\/\/www.exclusive-travel.co\/accueil-voyage-dans-le-sud-de-la-france\/lou-organise-des-voyages-sur-mesure-dans-le-sud-de-la-france\/#breadcrumb"},"inLanguage":"en-US","potentialAction":[{"@type":"ReadAction","target":["https:\/\/www.exclusive-travel.co\/accueil-voyage-dans-le-sud-de-la-france\/lou-organise-des-voyages-sur-mesure-dans-le-sud-de-la-france\/"]}]},{"@type":"BreadcrumbList","@id":"https:\/\/www.exclusive-travel.co\/accueil-voyage-dans-le-sud-de-la-france\/lou-organise-des-voyages-sur-mesure-dans-le-sud-de-la-france\/#breadcrumb","itemListElement":[{"@type":"ListItem","position":1,"name":"Accueil","item":"https:\/\/www.exclusive-travel.co\/en\/"},{"@type":"ListItem","position":2,"name":"DMC in the south of France- Accueil","item":"https:\/\/www.exclusive-travel.co\/en\/"},{"@type":"ListItem","position":3,"name":"Bespoke"}]},{"@type":"WebSite","@id":"https:\/\/www.exclusive-travel.co\/#website","url":"https:\/\/www.exclusive-travel.co\/","name":"Exclusive travel","description":"Voyage sur mesure dans le sud de la France","potentialAction":[{"@type":"SearchAction","target":{"@type":"EntryPoint","urlTemplate":"https:\/\/www.exclusive-travel.co\/?s={search_term_string}"},"query-input":{"@type":"PropertyValueSpecification","valueRequired":true,"valueName":"search_term_string"}}],"inLanguage":"en-US"}]}},"_links":{"self":[{"href":"https:\/\/www.exclusive-travel.co\/en\/wp-json\/wp\/v2\/pages\/2267","targetHints":{"allow":["GET"]}}],"collection":[{"href":"https:\/\/www.exclusive-travel.co\/en\/wp-json\/wp\/v2\/pages"}],"about":[{"href":"https:\/\/www.exclusive-travel.co\/en\/wp-json\/wp\/v2\/types\/page"}],"author":[{"embeddable":true,"href":"https:\/\/www.exclusive-travel.co\/en\/wp-json\/wp\/v2\/users\/1"}],"replies":[{"embeddable":true,"href":"https:\/\/www.exclusive-travel.co\/en\/wp-json\/wp\/v2\/comments?post=2267"}],"version-history":[{"count":7,"href":"https:\/\/www.exclusive-travel.co\/en\/wp-json\/wp\/v2\/pages\/2267\/revisions"}],"predecessor-version":[{"id":2953,"href":"https:\/\/www.exclusive-travel.co\/en\/wp-json\/wp\/v2\/pages\/2267\/revisions\/2953"}],"up":[{"embeddable":true,"href":"https:\/\/www.exclusive-travel.co\/en\/wp-json\/wp\/v2\/pages\/1939"}],"wp:attachment":[{"href":"https:\/\/www.exclusive-travel.co\/en\/wp-json\/wp\/v2\/media?parent=2267"}],"curies":[{"name":"wp","href":"https:\/\/api.w.org\/{rel}","templated":true}]}}