{"id":2954,"date":"2020-09-23T10:34:51","date_gmt":"2020-09-23T08:34:51","guid":{"rendered":"http:\/\/www.exclusive-travel.co\/?post_type=product&#038;p=2954"},"modified":"2020-09-23T10:34:51","modified_gmt":"2020-09-23T08:34:51","slug":"escapade-en-peniche-sur-le-canal-du-midi","status":"publish","type":"product","link":"https:\/\/www.exclusive-travel.co\/en\/escapades\/escapade-en-peniche-sur-le-canal-du-midi\/","title":{"rendered":"Escapade en p\u00e9niche sur le Canal du Midi"},"content":{"rendered":"","protected":false},"excerpt":{"rendered":"","protected":false},"featured_media":2980,"template":"","meta":{"_acf_changed":false},"categories":[14,9,11,12,13,10,8],"product_brand":[],"product_cat":[31],"product_tag":[],"class_list":{"0":"post-2954","1":"product","2":"type-product","3":"status-publish","4":"has-post-thumbnail","6":"category-la-campagne","7":"category-mevader","8":"category-ma-moitie","9":"category-mes-amis","10":"category-mes-proches","11":"category-moi-meme","12":"category-naviguer","13":"product_cat-non-classe","15":"first","16":"instock","17":"taxable","18":"shipping-taxable","19":"purchasable","20":"product-type-simple"},"acf":[],"yoast_head":"<!-- This site is optimized with the Yoast SEO plugin v24.7 - https:\/\/yoast.com\/wordpress\/plugins\/seo\/ -->\n<title>Escapade en p\u00e9niche sur le Canal du Midi - Exclusive travel<\/title>\n<meta name=\"description\" content=\"Sillonez le Canal du Midi gr\u00e2ce \u00e0 cette escapade \u00e0 bord d&#039;une magnifique p\u00e9niche priv\u00e9e. Confort, luxe et authenticit\u00e9 pour cette croisi\u00e8re insolite.\" \/>\n<meta name=\"robots\" content=\"index, follow, max-snippet:-1, max-image-preview:large, max-video-preview:-1\" \/>\n<link rel=\"canonical\" href=\"https:\/\/www.exclusive-travel.co\/escapades\/escapade-en-peniche-sur-le-canal-du-midi\/\" \/>\n<meta property=\"og:locale\" content=\"en_US\" \/>\n<meta property=\"og:type\" content=\"article\" \/>\n<meta property=\"og:title\" content=\"Escapade en p\u00e9niche sur le Canal du Midi - Exclusive travel\" \/>\n<meta property=\"og:description\" content=\"Sillonez le Canal du Midi gr\u00e2ce \u00e0 cette escapade \u00e0 bord d&#039;une magnifique p\u00e9niche priv\u00e9e. Confort, luxe et authenticit\u00e9 pour cette croisi\u00e8re insolite.\" \/>\n<meta property=\"og:url\" content=\"https:\/\/www.exclusive-travel.co\/escapades\/escapade-en-peniche-sur-le-canal-du-midi\/\" \/>\n<meta property=\"og:site_name\" content=\"Exclusive travel\" \/>\n<meta property=\"og:image\" content=\"https:\/\/www.exclusive-travel.co\/wp-content\/uploads\/2020\/09\/image00030.jpeg\" \/>\n\t<meta property=\"og:image:width\" content=\"2048\" \/>\n\t<meta property=\"og:image:height\" content=\"1536\" \/>\n\t<meta property=\"og:image:type\" content=\"image\/jpeg\" \/>\n<meta name=\"twitter:card\" content=\"summary_large_image\" \/>\n<script type=\"application\/ld+json\" class=\"yoast-schema-graph\">{\"@context\":\"https:\/\/schema.org\",\"@graph\":[{\"@type\":\"WebPage\",\"@id\":\"https:\/\/www.exclusive-travel.co\/escapades\/escapade-en-peniche-sur-le-canal-du-midi\/\",\"url\":\"https:\/\/www.exclusive-travel.co\/escapades\/escapade-en-peniche-sur-le-canal-du-midi\/\",\"name\":\"Escapade en p\u00e9niche sur le Canal du Midi - Exclusive travel\",\"isPartOf\":{\"@id\":\"https:\/\/www.exclusive-travel.co\/#website\"},\"primaryImageOfPage\":{\"@id\":\"https:\/\/www.exclusive-travel.co\/escapades\/escapade-en-peniche-sur-le-canal-du-midi\/#primaryimage\"},\"image\":{\"@id\":\"https:\/\/www.exclusive-travel.co\/escapades\/escapade-en-peniche-sur-le-canal-du-midi\/#primaryimage\"},\"thumbnailUrl\":\"https:\/\/www.exclusive-travel.co\/wp-content\/uploads\/2020\/09\/image00030.jpeg\",\"datePublished\":\"2020-09-23T08:34:51+00:00\",\"description\":\"Sillonez le Canal du Midi gr\u00e2ce \u00e0 cette escapade \u00e0 bord d'une magnifique p\u00e9niche priv\u00e9e. Confort, luxe et authenticit\u00e9 pour cette croisi\u00e8re insolite.\",\"breadcrumb\":{\"@id\":\"https:\/\/www.exclusive-travel.co\/escapades\/escapade-en-peniche-sur-le-canal-du-midi\/#breadcrumb\"},\"inLanguage\":\"en-US\",\"potentialAction\":[{\"@type\":\"ReadAction\",\"target\":[\"https:\/\/www.exclusive-travel.co\/escapades\/escapade-en-peniche-sur-le-canal-du-midi\/\"]}]},{\"@type\":\"ImageObject\",\"inLanguage\":\"en-US\",\"@id\":\"https:\/\/www.exclusive-travel.co\/escapades\/escapade-en-peniche-sur-le-canal-du-midi\/#primaryimage\",\"url\":\"https:\/\/www.exclusive-travel.co\/wp-content\/uploads\/2020\/09\/image00030.jpeg\",\"contentUrl\":\"https:\/\/www.exclusive-travel.co\/wp-content\/uploads\/2020\/09\/image00030.jpeg\",\"width\":2048,\"height\":1536,\"caption\":\"peniche navigant sur le canal du midi\"},{\"@type\":\"BreadcrumbList\",\"@id\":\"https:\/\/www.exclusive-travel.co\/escapades\/escapade-en-peniche-sur-le-canal-du-midi\/#breadcrumb\",\"itemListElement\":[{\"@type\":\"ListItem\",\"position\":1,\"name\":\"Accueil\",\"item\":\"https:\/\/www.exclusive-travel.co\/en\/\"},{\"@type\":\"ListItem\",\"position\":2,\"name\":\"Shop\",\"item\":\"https:\/\/www.exclusive-travel.co\/escapades\/\"},{\"@type\":\"ListItem\",\"position\":3,\"name\":\"Escapade en p\u00e9niche sur le Canal du Midi\"}]},{\"@type\":\"WebSite\",\"@id\":\"https:\/\/www.exclusive-travel.co\/#website\",\"url\":\"https:\/\/www.exclusive-travel.co\/\",\"name\":\"Exclusive travel\",\"description\":\"Voyage sur mesure dans le sud de la France\",\"potentialAction\":[{\"@type\":\"SearchAction\",\"target\":{\"@type\":\"EntryPoint\",\"urlTemplate\":\"https:\/\/www.exclusive-travel.co\/?s={search_term_string}\"},\"query-input\":{\"@type\":\"PropertyValueSpecification\",\"valueRequired\":true,\"valueName\":\"search_term_string\"}}],\"inLanguage\":\"en-US\"}]}<\/script>\n<!-- \/ Yoast SEO plugin. -->","yoast_head_json":{"title":"Escapade en p\u00e9niche sur le Canal du Midi - Exclusive travel","description":"Sillonez le Canal du Midi gr\u00e2ce \u00e0 cette escapade \u00e0 bord d'une magnifique p\u00e9niche priv\u00e9e. Confort, luxe et authenticit\u00e9 pour cette croisi\u00e8re insolite.","robots":{"index":"index","follow":"follow","max-snippet":"max-snippet:-1","max-image-preview":"max-image-preview:large","max-video-preview":"max-video-preview:-1"},"canonical":"https:\/\/www.exclusive-travel.co\/escapades\/escapade-en-peniche-sur-le-canal-du-midi\/","og_locale":"en_US","og_type":"article","og_title":"Escapade en p\u00e9niche sur le Canal du Midi - Exclusive travel","og_description":"Sillonez le Canal du Midi gr\u00e2ce \u00e0 cette escapade \u00e0 bord d'une magnifique p\u00e9niche priv\u00e9e. Confort, luxe et authenticit\u00e9 pour cette croisi\u00e8re insolite.","og_url":"https:\/\/www.exclusive-travel.co\/escapades\/escapade-en-peniche-sur-le-canal-du-midi\/","og_site_name":"Exclusive travel","og_image":[{"width":2048,"height":1536,"url":"https:\/\/www.exclusive-travel.co\/wp-content\/uploads\/2020\/09\/image00030.jpeg","type":"image\/jpeg"}],"twitter_card":"summary_large_image","schema":{"@context":"https:\/\/schema.org","@graph":[{"@type":"WebPage","@id":"https:\/\/www.exclusive-travel.co\/escapades\/escapade-en-peniche-sur-le-canal-du-midi\/","url":"https:\/\/www.exclusive-travel.co\/escapades\/escapade-en-peniche-sur-le-canal-du-midi\/","name":"Escapade en p\u00e9niche sur le Canal du Midi - Exclusive travel","isPartOf":{"@id":"https:\/\/www.exclusive-travel.co\/#website"},"primaryImageOfPage":{"@id":"https:\/\/www.exclusive-travel.co\/escapades\/escapade-en-peniche-sur-le-canal-du-midi\/#primaryimage"},"image":{"@id":"https:\/\/www.exclusive-travel.co\/escapades\/escapade-en-peniche-sur-le-canal-du-midi\/#primaryimage"},"thumbnailUrl":"https:\/\/www.exclusive-travel.co\/wp-content\/uploads\/2020\/09\/image00030.jpeg","datePublished":"2020-09-23T08:34:51+00:00","description":"Sillonez le Canal du Midi gr\u00e2ce \u00e0 cette escapade \u00e0 bord d'une magnifique p\u00e9niche priv\u00e9e. Confort, luxe et authenticit\u00e9 pour cette croisi\u00e8re insolite.","breadcrumb":{"@id":"https:\/\/www.exclusive-travel.co\/escapades\/escapade-en-peniche-sur-le-canal-du-midi\/#breadcrumb"},"inLanguage":"en-US","potentialAction":[{"@type":"ReadAction","target":["https:\/\/www.exclusive-travel.co\/escapades\/escapade-en-peniche-sur-le-canal-du-midi\/"]}]},{"@type":"ImageObject","inLanguage":"en-US","@id":"https:\/\/www.exclusive-travel.co\/escapades\/escapade-en-peniche-sur-le-canal-du-midi\/#primaryimage","url":"https:\/\/www.exclusive-travel.co\/wp-content\/uploads\/2020\/09\/image00030.jpeg","contentUrl":"https:\/\/www.exclusive-travel.co\/wp-content\/uploads\/2020\/09\/image00030.jpeg","width":2048,"height":1536,"caption":"peniche navigant sur le canal du midi"},{"@type":"BreadcrumbList","@id":"https:\/\/www.exclusive-travel.co\/escapades\/escapade-en-peniche-sur-le-canal-du-midi\/#breadcrumb","itemListElement":[{"@type":"ListItem","position":1,"name":"Accueil","item":"https:\/\/www.exclusive-travel.co\/en\/"},{"@type":"ListItem","position":2,"name":"Shop","item":"https:\/\/www.exclusive-travel.co\/escapades\/"},{"@type":"ListItem","position":3,"name":"Escapade en p\u00e9niche sur le Canal du Midi"}]},{"@type":"WebSite","@id":"https:\/\/www.exclusive-travel.co\/#website","url":"https:\/\/www.exclusive-travel.co\/","name":"Exclusive travel","description":"Voyage sur mesure dans le sud de la France","potentialAction":[{"@type":"SearchAction","target":{"@type":"EntryPoint","urlTemplate":"https:\/\/www.exclusive-travel.co\/?s={search_term_string}"},"query-input":{"@type":"PropertyValueSpecification","valueRequired":true,"valueName":"search_term_string"}}],"inLanguage":"en-US"}]}},"_links":{"self":[{"href":"https:\/\/www.exclusive-travel.co\/en\/wp-json\/wp\/v2\/product\/2954","targetHints":{"allow":["GET"]}}],"collection":[{"href":"https:\/\/www.exclusive-travel.co\/en\/wp-json\/wp\/v2\/product"}],"about":[{"href":"https:\/\/www.exclusive-travel.co\/en\/wp-json\/wp\/v2\/types\/product"}],"wp:featuredmedia":[{"embeddable":true,"href":"https:\/\/www.exclusive-travel.co\/en\/wp-json\/wp\/v2\/media\/2980"}],"wp:attachment":[{"href":"https:\/\/www.exclusive-travel.co\/en\/wp-json\/wp\/v2\/media?parent=2954"}],"wp:term":[{"taxonomy":"category","embeddable":true,"href":"https:\/\/www.exclusive-travel.co\/en\/wp-json\/wp\/v2\/categories?post=2954"},{"taxonomy":"product_brand","embeddable":true,"href":"https:\/\/www.exclusive-travel.co\/en\/wp-json\/wp\/v2\/product_brand?post=2954"},{"taxonomy":"product_cat","embeddable":true,"href":"https:\/\/www.exclusive-travel.co\/en\/wp-json\/wp\/v2\/product_cat?post=2954"},{"taxonomy":"product_tag","embeddable":true,"href":"https:\/\/www.exclusive-travel.co\/en\/wp-json\/wp\/v2\/product_tag?post=2954"}],"curies":[{"name":"wp","href":"https:\/\/api.w.org\/{rel}","templated":true}]}}